{"id":171,"date":"2016-06-13T21:25:38","date_gmt":"2016-06-13T21:25:38","guid":{"rendered":"http:\/\/www.obracri.com.br\/site\/?page_id=171"},"modified":"2016-12-12T22:11:14","modified_gmt":"2016-12-12T22:11:14","slug":"bem-vindo-2","status":"publish","type":"page","link":"http:\/\/www.obracri.com.br\/site\/","title":{"rendered":"Bem Vindo !"},"content":{"rendered":"<p><img loading=\"lazy\" decoding=\"async\" class=\"wp-image-270 alignright\" src=\"http:\/\/www.obracri.com.br\/site\/wp-content\/uploads\/2016\/02\/DSC_3515.jpg\" alt=\"\" width=\"434\" height=\"246\" srcset=\"http:\/\/www.obracri.com.br\/site\/wp-content\/uploads\/2016\/02\/DSC_3515.jpg 950w, http:\/\/www.obracri.com.br\/site\/wp-content\/uploads\/2016\/02\/DSC_3515-300x170.jpg 300w, http:\/\/www.obracri.com.br\/site\/wp-content\/uploads\/2016\/02\/DSC_3515-768x435.jpg 768w\" sizes=\"auto, (max-width: 434px) 100vw, 434px\" \/>Nascemos para ser o que somos e somos aquilo que amamos ser e \u00e9 por isso que a cada desafio nos motivamos na certeza de uma nova conquista.<\/p>\n<p>A Construtora OBRACRI surgiu em \u00a0abril de 2010.<\/p>\n<p>Com a crescente demanda por solu\u00e7\u00f5es de moradia racionais, de alta qualidade e diversos servi\u00e7os, a Obracri surge para atender e \u00a0viabilizar o acesso \u00e0 casa pr\u00f3pria com total tranquilidade tanto para seus contratantes como para seus usu\u00e1rios finais.<\/p>\n<p>Como uma empresa dedicada ao crescimento respons\u00e1vel dos seus neg\u00f3cios, trabalhamos com o compromisso de n\u00e3o permitir que nossas a\u00e7\u00f5es interfiram de maneira negativa, mas sim de forma positiva na vida das pessoas da comunidade local e ao meio ambiente.<\/p>\n<p>Sabemos que tudo isso s\u00f3 \u00e9 poss\u00edvel com a for\u00e7a de nossos colaboradores. O esfor\u00e7o e o conhecimento de cada um deles nos trouxeram aonde chegamos e ir\u00e1 nos levar aonde todos n\u00f3s queremos. Por isso que valorizamos e focamos na qualifica\u00e7\u00e3o dos nossos profissionais.<\/p>\n<p>\u201cOBRACRI, juntos pela realiza\u00e7\u00e3o dos seus sonhos\u201d<\/p>\n<p>&nbsp;<\/p>\n","protected":false},"excerpt":{"rendered":"<p>Nascemos para ser o que somos e somos aquilo que amamos ser e \u00e9 por isso que a cada desafio nos motivamos na certeza de uma nova conquista. A Construtora OBRACRI surgiu em \u00a0abril de 2010. Com a crescente demanda por solu\u00e7\u00f5es de moradia racionais, de alta qualidade e diversos servi\u00e7os, a Obracri surge para [&hellip;]<\/p>\n","protected":false},"author":1,"featured_media":0,"parent":0,"menu_order":0,"comment_status":"closed","ping_status":"closed","template":"","meta":{"footnotes":""},"class_list":["post-171","page","type-page","status-publish","hentry"],"_links":{"self":[{"href":"http:\/\/www.obracri.com.br\/site\/index.php?rest_route=\/wp\/v2\/pages\/171","targetHints":{"allow":["GET"]}}],"collection":[{"href":"http:\/\/www.obracri.com.br\/site\/index.php?rest_route=\/wp\/v2\/pages"}],"about":[{"href":"http:\/\/www.obracri.com.br\/site\/index.php?rest_route=\/wp\/v2\/types\/page"}],"author":[{"embeddable":true,"href":"http:\/\/www.obracri.com.br\/site\/index.php?rest_route=\/wp\/v2\/users\/1"}],"replies":[{"embeddable":true,"href":"http:\/\/www.obracri.com.br\/site\/index.php?rest_route=%2Fwp%2Fv2%2Fcomments&post=171"}],"version-history":[{"count":9,"href":"http:\/\/www.obracri.com.br\/site\/index.php?rest_route=\/wp\/v2\/pages\/171\/revisions"}],"predecessor-version":[{"id":277,"href":"http:\/\/www.obracri.com.br\/site\/index.php?rest_route=\/wp\/v2\/pages\/171\/revisions\/277"}],"wp:attachment":[{"href":"http:\/\/www.obracri.com.br\/site\/index.php?rest_route=%2Fwp%2Fv2%2Fmedia&parent=171"}],"curies":[{"name":"wp","href":"https:\/\/api.w.org\/{rel}","templated":true}]}}