{"id":21,"date":"2016-02-29T13:50:47","date_gmt":"2016-02-29T13:50:47","guid":{"rendered":"http:\/\/www.obracri.com.br\/wp\/?page_id=21"},"modified":"2016-06-30T20:36:12","modified_gmt":"2016-06-30T20:36:12","slug":"faq","status":"publish","type":"page","link":"http:\/\/www.obracri.com.br\/site\/?page_id=21","title":{"rendered":"Perguntas Frequentes"},"content":{"rendered":"<p>Para que possa conhecer melhor nosso trabalho, segue alguns perguntas e respostas:<\/p>\n<h3>O QUE \u00c9 ALVENARIA ESTRUTURAL?<\/h3>\n<p>Na Alvenaria Estrutural as paredes da edifica\u00e7\u00e3o s\u00e3o tamb\u00e9m a estrutura que suporta todas as cargas: al\u00e9m do peso pr\u00f3prio, tamb\u00e9m das lajes, coberturas e carga, al\u00e9m de fatores externos como o vento. A Alvenaria Estrutural pode ser usada tanto para fazer casas isoladas como para conjuntos habitacionais de sobrados e para pr\u00e9dios de 3 a 20 pavimentos, com ou sem subsolos.<\/p>\n<p><strong>Caracter\u00edsticas: <\/strong>\u00f3timas caracter\u00edsticas de isolamento termo-ac\u00fastico; flexibilidade arquitet\u00f4nica pelas pequenas dimens\u00f5es do bloco.<\/p>\n<p>&nbsp;<\/p>\n<h3>AS CONSTRU\u00c7\u00d5ES DA OBRACRI S\u00c3O PR\u00c9-FABRICADAS?<\/h3>\n<p>N\u00e3o, todas as contru\u00e7\u00f5es possuem material especifico.<\/p>\n<h3>VOC\u00caS TRABALHAM APENAS COM PROJETOS PADR\u00d5ES ?<\/h3>\n<p>N\u00e3o, os projetos do site s\u00e3o apenas sugestivos, podendo ser alterados, tamb\u00e9m trabalhamos com projetos desenvolvidos pelo cliente e tamb\u00e9m contamos com arquitetos para elabora\u00e7\u00e3o de projetos personalizados.<\/p>\n<h3>A OBRACRI\u00a0ACEITA FINANCIAMENTO HABITACIONAL DA C.E.F.?<\/h3>\n<p>Sim, aceitamos. Para maiores informa\u00e7\u00f5es, entre em contato com nossos consultores de venda.<\/p>\n<h3>QUAL \u00c9 O M\u00cdNIMO DE \u00c1REA CONSTRU\u00cdDA QUE VOC\u00caS TRABALHAM?<\/h3>\n<p>Trabalhamos com no m\u00ednimo 45m\u00b2.<\/p>\n<h3>VOC\u00caS FAZEM A CASA SEMI ACABADA (LEVANTAR E COBRIR)?<\/h3>\n<p>N\u00e3o. Entregamos a casa acabada, como: coberta, aplica\u00e7\u00e3o de gesso, pintada, pisos e azulejos colocados.<\/p>\n<h3>A CASA TEM LAJE?<\/h3>\n<p>Sim, todos nossos projetos preveem laje de teto.<\/p>\n<h3>VOC\u00caS FAZEM CONSTRU\u00c7\u00c3O SOBRE UMA LAJE J\u00c1 EXISTENTE OU SOBRE OUTRA CASA?<\/h3>\n<p>N\u00e3o, devido a garantia que damos, fazemos constru\u00e7\u00f5es somente em terrenos vazios e n\u00e3o executamos obras de amplia\u00e7\u00f5es, reformas e sobre estruturas j\u00e1 existentes.<\/p>\n<h3>NAS PAREDES VAI GESSO OU MASSA CORRIDA?<\/h3>\n<p>\u00c9 feito aplica\u00e7\u00e3o de ambos os materiais.<\/p>\n<h3>POSSO ALTERAR MEU PROJETO DEPOIS DE INICIADA A OBRA?<\/h3>\n<p>N\u00e3o. Eventuais altera\u00e7\u00f5es ap\u00f3s a assinatura do contrato dever\u00e3o ser encaminhadas ao departamento de projetos em at\u00e9 no m\u00e1ximo 30 dias antes do in\u00edcio da obra.<\/p>\n<h3>QUAIS AS VANTAGENS EM CONTRATAR A\u00a0OBRACRI PARA EXECUTAR MINHA OBRA?<\/h3>\n<ul>\n<li>Pre\u00e7o fechado, sem surpresas no final;<\/li>\n<li>Prazo final estabelecido;<\/li>\n<li>Gerenciamento da obra;<\/li>\n<li>Op\u00e7\u00f5es de acabamento, como cor da tinta\/grafiato, pisos e azulejos.<\/li>\n<\/ul>\n","protected":false},"excerpt":{"rendered":"<p>Para que possa conhecer melhor nosso trabalho, segue alguns perguntas e respostas: O QUE \u00c9 ALVENARIA ESTRUTURAL? Na Alvenaria Estrutural as paredes da edifica\u00e7\u00e3o s\u00e3o tamb\u00e9m a estrutura que suporta todas as cargas: al\u00e9m do peso pr\u00f3prio, tamb\u00e9m das lajes, coberturas e carga, al\u00e9m de fatores externos como o vento. A Alvenaria Estrutural pode ser [&hellip;]<\/p>\n","protected":false},"author":1,"featured_media":0,"parent":0,"menu_order":0,"comment_status":"closed","ping_status":"closed","template":"","meta":{"footnotes":""},"class_list":["post-21","page","type-page","status-publish","hentry"],"_links":{"self":[{"href":"http:\/\/www.obracri.com.br\/site\/index.php?rest_route=\/wp\/v2\/pages\/21","targetHints":{"allow":["GET"]}}],"collection":[{"href":"http:\/\/www.obracri.com.br\/site\/index.php?rest_route=\/wp\/v2\/pages"}],"about":[{"href":"http:\/\/www.obracri.com.br\/site\/index.php?rest_route=\/wp\/v2\/types\/page"}],"author":[{"embeddable":true,"href":"http:\/\/www.obracri.com.br\/site\/index.php?rest_route=\/wp\/v2\/users\/1"}],"replies":[{"embeddable":true,"href":"http:\/\/www.obracri.com.br\/site\/index.php?rest_route=%2Fwp%2Fv2%2Fcomments&post=21"}],"version-history":[{"count":6,"href":"http:\/\/www.obracri.com.br\/site\/index.php?rest_route=\/wp\/v2\/pages\/21\/revisions"}],"predecessor-version":[{"id":244,"href":"http:\/\/www.obracri.com.br\/site\/index.php?rest_route=\/wp\/v2\/pages\/21\/revisions\/244"}],"wp:attachment":[{"href":"http:\/\/www.obracri.com.br\/site\/index.php?rest_route=%2Fwp%2Fv2%2Fmedia&parent=21"}],"curies":[{"name":"wp","href":"https:\/\/api.w.org\/{rel}","templated":true}]}}