{"id":30,"date":"2016-02-29T13:54:34","date_gmt":"2016-02-29T13:54:34","guid":{"rendered":"http:\/\/www.obracri.com.br\/wp\/?page_id=30"},"modified":"2016-12-12T22:09:31","modified_gmt":"2016-12-12T22:09:31","slug":"quem-somos","status":"publish","type":"page","link":"http:\/\/www.obracri.com.br\/site\/?page_id=30","title":{"rendered":"Quem Somos"},"content":{"rendered":"<p style=\"text-align: justify;\"><img loading=\"lazy\" decoding=\"async\" class=\"alignleft size-full wp-image-270\" src=\"http:\/\/www.obracri.com.br\/site\/wp-content\/uploads\/2016\/02\/DSC_3515.jpg\" alt=\"\" width=\"950\" height=\"538\" srcset=\"http:\/\/www.obracri.com.br\/site\/wp-content\/uploads\/2016\/02\/DSC_3515.jpg 950w, http:\/\/www.obracri.com.br\/site\/wp-content\/uploads\/2016\/02\/DSC_3515-300x170.jpg 300w, http:\/\/www.obracri.com.br\/site\/wp-content\/uploads\/2016\/02\/DSC_3515-768x435.jpg 768w\" sizes=\"auto, (max-width: 950px) 100vw, 950px\" \/><\/p>\n<p style=\"text-align: justify;\">\u00c9 a realiza\u00e7\u00e3o do nosso ideal de prestar servi\u00e7os diferenciados e com a seriedade exigida de uma empresa profissional.<\/p>\n<p style=\"text-align: justify;\">A OBRACRI\u00a0mant\u00e9m em seus quadros funcionais, profissionais com grande experi\u00eancia no \u201cDESIGN\u201d e na constru\u00e7\u00e3o de casas, diferenciando seus projetos pela qualidade t\u00e9cnica e arranjo de suas solu\u00e7\u00f5es. A satisfa\u00e7\u00e3o de nossos clientes tem sido a raz\u00e3o de nosso grande sucesso no mercado da constru\u00e7\u00e3o, o que tem contribu\u00eddo significamente para o aumento de nossas vendas.<\/p>\n<p style=\"text-align: justify;\" align=\"left\">Ao Adentrar em nosso \u201cSHOW ROOM\u201d nosso cliente ser\u00e1 atendido por profissionais qualificados que lhe apresentar\u00e3o a melhor solu\u00e7\u00e3o para seu projeto, onde voc\u00ea poder\u00e1 optar por um dos in\u00fameros e exclusivos modelos Dynamica, ou, se assim desejar, receber todo o assessoramento para a cria\u00e7\u00e3o de um projeto exclusivo e personalizado.<\/p>\n<p align=\"left\">Para a OBRACRI, o bom atendimento ao cliente \u00e9 mais do que uma obriga\u00e7\u00e3o!<\/p>\n","protected":false},"excerpt":{"rendered":"<p>\u00c9 a realiza\u00e7\u00e3o do nosso ideal de prestar servi\u00e7os diferenciados e com a seriedade exigida de uma empresa profissional. A OBRACRI\u00a0mant\u00e9m em seus quadros funcionais, profissionais com grande experi\u00eancia no \u201cDESIGN\u201d e na constru\u00e7\u00e3o de casas, diferenciando seus projetos pela qualidade t\u00e9cnica e arranjo de suas solu\u00e7\u00f5es. A satisfa\u00e7\u00e3o de nossos clientes tem sido a [&hellip;]<\/p>\n","protected":false},"author":1,"featured_media":0,"parent":0,"menu_order":0,"comment_status":"closed","ping_status":"closed","template":"","meta":{"footnotes":""},"class_list":["post-30","page","type-page","status-publish","hentry"],"_links":{"self":[{"href":"http:\/\/www.obracri.com.br\/site\/index.php?rest_route=\/wp\/v2\/pages\/30","targetHints":{"allow":["GET"]}}],"collection":[{"href":"http:\/\/www.obracri.com.br\/site\/index.php?rest_route=\/wp\/v2\/pages"}],"about":[{"href":"http:\/\/www.obracri.com.br\/site\/index.php?rest_route=\/wp\/v2\/types\/page"}],"author":[{"embeddable":true,"href":"http:\/\/www.obracri.com.br\/site\/index.php?rest_route=\/wp\/v2\/users\/1"}],"replies":[{"embeddable":true,"href":"http:\/\/www.obracri.com.br\/site\/index.php?rest_route=%2Fwp%2Fv2%2Fcomments&post=30"}],"version-history":[{"count":9,"href":"http:\/\/www.obracri.com.br\/site\/index.php?rest_route=\/wp\/v2\/pages\/30\/revisions"}],"predecessor-version":[{"id":275,"href":"http:\/\/www.obracri.com.br\/site\/index.php?rest_route=\/wp\/v2\/pages\/30\/revisions\/275"}],"wp:attachment":[{"href":"http:\/\/www.obracri.com.br\/site\/index.php?rest_route=%2Fwp%2Fv2%2Fmedia&parent=30"}],"curies":[{"name":"wp","href":"https:\/\/api.w.org\/{rel}","templated":true}]}}